{"id":34544,"date":"2025-05-14T16:40:27","date_gmt":"1970-01-01T00:00:00","guid":{"rendered":"https:\/\/www.stiavellidistribuzione.com\/prodotto\/weg-electric-motor-22-kw-4-poles-ie3\/"},"modified":"2018-10-11T08:32:54","modified_gmt":"2018-10-11T08:32:54","slug":"motore-elettrico-weg-22-kw-4-poli-ie3","status":"publish","type":"product","link":"https:\/\/www.stiavellidistribuzione.com\/it\/motori-elettrici\/motore-elettrico-weg-22-kw-4-poli-ie3\/","title":{"rendered":"Motore Elettrico WEG 22 kW 4 Poli IE3"},"content":{"rendered":"<p>Un motore elettrico ad alta efficienza WEG W22 in IEC standard. La linea W22 \u00e8 progettata per garantire non solo un significativo risparmio energetico, ma anche minori livelli di rumorosit\u00e0 e vibrazioni, maggiore affidabilit\u00e0, semplicit\u00e0 di manutenzione e bassi costi di gestione.<\/p>\n<h4 class=\"iconlist_title\">Caratteristiche<\/h4>\n<p>Questo motore elettrico della linea WEG W22 \u00e8 fornito con le seguenti caratteristiche:<\/p>\n<ul>\n<li>Potenza: 22 kW<\/li>\n<li>Poli: 4<\/li>\n<li>Cuscinetti: a sfere<\/li>\n<li>Carcassa: 180 L Ghisa<\/li>\n<li>Forma: B3T<\/li>\n<li>Classe \u201cF\u201d di isolamento (\u0394T=80K)<\/li>\n<li>Trifase, multitensione, IP55, TEFC<\/li>\n<li>Efficienza Premium \u2013 IE3 in accordo con IEC60034-30<\/li>\n<li>Termistori (1 per fase)<\/li>\n<li>Servizio continuo S1<\/li>\n<li>Ingresso cavi morsettiera a passo metrico<\/li>\n<li>Colore RAL 5009 \u2013 Blue<\/li>\n<\/ul>\n","protected":false},"excerpt":{"rendered":"<p><strong>Motore Elettrico 22 kW (30 Hp), 1500 giri\/min, 400 Volt, 50Hz, 180L, B3, Ghisa.<\/strong><\/p>\n","protected":false},"featured_media":34545,"template":"","meta":[],"product_cat":[711,709],"product_tag":[],"_links":{"self":[{"href":"https:\/\/www.stiavellidistribuzione.com\/it\/wp-json\/wp\/v2\/product\/34544"}],"collection":[{"href":"https:\/\/www.stiavellidistribuzione.com\/it\/wp-json\/wp\/v2\/product"}],"about":[{"href":"https:\/\/www.stiavellidistribuzione.com\/it\/wp-json\/wp\/v2\/types\/product"}],"wp:featuredmedia":[{"embeddable":true,"href":"https:\/\/www.stiavellidistribuzione.com\/it\/wp-json\/wp\/v2\/media\/34545"}],"wp:attachment":[{"href":"https:\/\/www.stiavellidistribuzione.com\/it\/wp-json\/wp\/v2\/media?parent=34544"}],"wp:term":[{"taxonomy":"product_cat","embeddable":true,"href":"https:\/\/www.stiavellidistribuzione.com\/it\/wp-json\/wp\/v2\/product_cat?post=34544"},{"taxonomy":"product_tag","embeddable":true,"href":"https:\/\/www.stiavellidistribuzione.com\/it\/wp-json\/wp\/v2\/product_tag?post=34544"}],"curies":[{"name":"wp","href":"https:\/\/api.w.org\/{rel}","templated":true}]}}