{"id":34526,"date":"2023-05-11T15:28:04","date_gmt":"2015-03-11T10:49:04","guid":{"rendered":"https:\/\/www.stiavellidistribuzione.com\/prodotto\/weg-electric-motor-75-kw-2-poles-ie3\/"},"modified":"2021-11-18T14:11:46","modified_gmt":"2021-11-18T12:11:46","slug":"motore-elettrico-weg-75-kw-4-poli-ie3-2","status":"publish","type":"product","link":"https:\/\/www.stiavellidistribuzione.com\/it\/motori-elettrici\/motore-elettrico-weg-75-kw-4-poli-ie3-2\/","title":{"rendered":"Motore Elettrico WEG 7,5 kW 4 Poli IE3"},"content":{"rendered":"<p>Un motore elettrico ad alta efficienza WEG W22 in IEC standard. La linea W22 \u00e8 progettata per garantire non solo un significativo risparmio energetico, ma anche minori livelli di rumorosit\u00e0 e vibrazioni, maggiore affidabilit\u00e0, semplicit\u00e0 di manutenzione e bassi costi di gestione.<\/p>\n<h4 class=\"iconlist_title\">Caratteristiche<\/h4>\n<p class=\"iconlist_content \">Questo motore elettrico della linea WEG W22 \u00e8 fornito con le seguenti caratteristiche:<\/p>\n<ul>\n<li>Potenza: 7,5kW<\/li>\n<li>Poli: 4<\/li>\n<li>Cuscinette a sfere<\/li>\n<li>Carcassa: 132M Ghisa<\/li>\n<li>Forma costruttiva: B3T<\/li>\n<li>Classe \u201cF\u201d di isolamento (\u0394T=80K)<\/li>\n<li>Trifase, multitensione, IP55, TEFC<\/li>\n<li>Efficienza Premium \u2013 IE3 in accordo con IEC60034-30<\/li>\n<li>Servizio continuo S1<\/li>\n<li>Ingresso cavi morsettiera a passo metrico<\/li>\n<li>Colore RAL 5009 \u2013 Blu<\/li>\n<\/ul>\n","protected":false},"excerpt":{"rendered":"<p><strong>Motore Elettrico 7,5 kW (10 Hp), 1500 rpm, 400 Volt, 50Hz, 132M, B3, Ghisa.<\/strong><\/p>\n","protected":false},"featured_media":34527,"template":"","meta":[],"product_cat":[711,709],"product_tag":[],"_links":{"self":[{"href":"https:\/\/www.stiavellidistribuzione.com\/it\/wp-json\/wp\/v2\/product\/34526"}],"collection":[{"href":"https:\/\/www.stiavellidistribuzione.com\/it\/wp-json\/wp\/v2\/product"}],"about":[{"href":"https:\/\/www.stiavellidistribuzione.com\/it\/wp-json\/wp\/v2\/types\/product"}],"wp:featuredmedia":[{"embeddable":true,"href":"https:\/\/www.stiavellidistribuzione.com\/it\/wp-json\/wp\/v2\/media\/34527"}],"wp:attachment":[{"href":"https:\/\/www.stiavellidistribuzione.com\/it\/wp-json\/wp\/v2\/media?parent=34526"}],"wp:term":[{"taxonomy":"product_cat","embeddable":true,"href":"https:\/\/www.stiavellidistribuzione.com\/it\/wp-json\/wp\/v2\/product_cat?post=34526"},{"taxonomy":"product_tag","embeddable":true,"href":"https:\/\/www.stiavellidistribuzione.com\/it\/wp-json\/wp\/v2\/product_tag?post=34526"}],"curies":[{"name":"wp","href":"https:\/\/api.w.org\/{rel}","templated":true}]}}