{"id":34475,"date":"2025-05-14T16:40:05","date_gmt":"2015-04-28T09:31:05","guid":{"rendered":"https:\/\/www.stiavellidistribuzione.com\/prodotto\/weg-electric-motor-30-kw-4-poles-ie3\/"},"modified":"2021-11-18T12:56:27","modified_gmt":"2021-11-18T10:56:27","slug":"motore-elettrico-weg-30-kw-4-poli-ie3","status":"publish","type":"product","link":"https:\/\/www.stiavellidistribuzione.com\/it\/motori-elettrici\/motore-elettrico-weg-30-kw-4-poli-ie3\/","title":{"rendered":"Motore Elettrico WEG 30 kW 4 Poli IE3"},"content":{"rendered":"<p>Un motore elettrico ad alta efficienza WEG W22 in IEC standard. La linea W22 \u00e8 progettata per garantire non solo un significativo risparmio energetico, ma anche minori livelli di rumorosit\u00e0 e vibrazioni, maggiore affidabilit\u00e0, semplicit\u00e0 di manutenzione e bassi costi di gestione.<\/p>\n<h4 class=\"iconlist_title\">Caratteristiche<\/h4>\n<p>Questo motore elettrico della linea WEG W22 \u00e8 fornito con le seguenti caratteristiche:<\/p>\n<ul>\n<li>Potenza: 30kW<\/li>\n<li>Poli: 4<\/li>\n<li>Cuscinetti: a sfere<\/li>\n<li>Carcassa: 200L Ghisa<\/li>\n<li>Forma: B3T<\/li>\n<li>Classe \u201cF\u201d di isolamento (\u0394T=80K)<\/li>\n<li>Trifase, multitensione, IP55, TEFC<\/li>\n<li>Efficienza Premium \u2013 IE3 in accordo con IEC60034-30<\/li>\n<li>Termistori (1 per fase)<\/li>\n<li>Servizio continuo S1<\/li>\n<li>Ingresso cavi morsettiera a passo metrico<\/li>\n<li>Colore RAL 5009 \u2013 Blue<\/li>\n<\/ul>\n","protected":false},"excerpt":{"rendered":"<p><strong>Electric Motor\u00a030 kW (40 Hp), 1500 rpm, 400 Volts, 50Hz,\u00a0200L, B3, Cast Iron.<\/strong><\/p>\n","protected":false},"featured_media":34476,"template":"","meta":[],"product_cat":[711,709],"product_tag":[],"_links":{"self":[{"href":"https:\/\/www.stiavellidistribuzione.com\/it\/wp-json\/wp\/v2\/product\/34475"}],"collection":[{"href":"https:\/\/www.stiavellidistribuzione.com\/it\/wp-json\/wp\/v2\/product"}],"about":[{"href":"https:\/\/www.stiavellidistribuzione.com\/it\/wp-json\/wp\/v2\/types\/product"}],"wp:featuredmedia":[{"embeddable":true,"href":"https:\/\/www.stiavellidistribuzione.com\/it\/wp-json\/wp\/v2\/media\/34476"}],"wp:attachment":[{"href":"https:\/\/www.stiavellidistribuzione.com\/it\/wp-json\/wp\/v2\/media?parent=34475"}],"wp:term":[{"taxonomy":"product_cat","embeddable":true,"href":"https:\/\/www.stiavellidistribuzione.com\/it\/wp-json\/wp\/v2\/product_cat?post=34475"},{"taxonomy":"product_tag","embeddable":true,"href":"https:\/\/www.stiavellidistribuzione.com\/it\/wp-json\/wp\/v2\/product_tag?post=34475"}],"curies":[{"name":"wp","href":"https:\/\/api.w.org\/{rel}","templated":true}]}}