{"id":34467,"date":"2025-05-15T10:30:19","date_gmt":"2015-04-28T09:40:19","guid":{"rendered":"https:\/\/www.stiavellidistribuzione.com\/prodotto\/weg-electric-motor-30-kw-2-poles-ie3\/"},"modified":"2021-11-18T11:58:27","modified_gmt":"2021-11-18T09:58:27","slug":"motore-elettrico-weg-30-kw-2-poli-ie3","status":"publish","type":"product","link":"https:\/\/www.stiavellidistribuzione.com\/it\/motori-elettrici\/motore-elettrico-weg-30-kw-2-poli-ie3\/","title":{"rendered":"Motore Elettrico WEG 30 kW 2 Poli IE3"},"content":{"rendered":"<p>Un motore elettrico ad alta efficienza WEG W22 in IEC standard. La linea W22 \u00e8 progettata per garantire non solo un significativo risparmio energetico, ma anche minori livelli di rumorosit\u00e0 e vibrazioni, maggiore affidabilit\u00e0, semplicit\u00e0 di manutenzione e bassi costi di gestione.<\/p>\n<h4 class=\"iconlist_title\">Caratteristiche<\/h4>\n<p>Questo motore elettrico della linea WEG W22 \u00e8 fornito con le seguenti caratteristiche:<\/p>\n<ul>\n<li>Potenza: 30 kW<\/li>\n<li>Poli: 2<\/li>\n<li>Cuscinetti: a sfere<\/li>\n<li>Carcassa:200L Ghisa<\/li>\n<li>Forma: B3T<\/li>\n<li>Classe \u201cF\u201d di isolamento (\u0394T=80K)<\/li>\n<li>Trifase, multitensione, IP55, TEFC<\/li>\n<li>Efficienza Premium \u2013 IE3 in accordo con IEC60034-30<\/li>\n<li>Termistori (1 per fase)<\/li>\n<li>Servizio continuo S1<\/li>\n<li>Ingresso cavi morsettiera a passo metrico<\/li>\n<li>Doppio ingrassatore<\/li>\n<li>Colore RAL 5009 \u2013 Blue<\/li>\n<\/ul>\n","protected":false},"excerpt":{"rendered":"<p><strong>Electric Motor\u00a030 kW (40 Hp), 3000 rpm, 400 Volts, 50Hz,\u00a0200L, B3, Cast Iron.<\/strong><\/p>\n","protected":false},"featured_media":34468,"template":"","meta":[],"product_cat":[710,709],"product_tag":[],"_links":{"self":[{"href":"https:\/\/www.stiavellidistribuzione.com\/it\/wp-json\/wp\/v2\/product\/34467"}],"collection":[{"href":"https:\/\/www.stiavellidistribuzione.com\/it\/wp-json\/wp\/v2\/product"}],"about":[{"href":"https:\/\/www.stiavellidistribuzione.com\/it\/wp-json\/wp\/v2\/types\/product"}],"wp:featuredmedia":[{"embeddable":true,"href":"https:\/\/www.stiavellidistribuzione.com\/it\/wp-json\/wp\/v2\/media\/34468"}],"wp:attachment":[{"href":"https:\/\/www.stiavellidistribuzione.com\/it\/wp-json\/wp\/v2\/media?parent=34467"}],"wp:term":[{"taxonomy":"product_cat","embeddable":true,"href":"https:\/\/www.stiavellidistribuzione.com\/it\/wp-json\/wp\/v2\/product_cat?post=34467"},{"taxonomy":"product_tag","embeddable":true,"href":"https:\/\/www.stiavellidistribuzione.com\/it\/wp-json\/wp\/v2\/product_tag?post=34467"}],"curies":[{"name":"wp","href":"https:\/\/api.w.org\/{rel}","templated":true}]}}